{"id":1276,"date":"2019-04-09T23:15:24","date_gmt":"2019-04-09T21:15:24","guid":{"rendered":"https:\/\/sonnenclip.loc\/?post_type=product&#038;p=1276"},"modified":"2019-04-10T20:16:44","modified_gmt":"2019-04-10T18:16:44","slug":"gold-150-glaenzend","status":"publish","type":"product","link":"https:\/\/sonnenclip.com\/?product=gold-150-glaenzend","title":{"rendered":"Gold 150 gl\u00e4nzend"},"content":{"rendered":"<p>Sonnenclip besteht aus\u00a0dreiteiliger Clipgarnitur.<\/p>\n<p><strong>incl. Zubeh\u00f6r:<\/strong><\/p>\n<ul>\n<li>passendes Etui<\/li>\n<li>ein Schlauch<\/li>\n<li>acht H\u00fclsen(* ab einer Gesamtmenge von 50 St\u00fcck ist die Lieferung in EG-L\u00e4nder und Schweiz portofrei)<\/li>\n<\/ul>\n","protected":false},"excerpt":{"rendered":"<p>Sonnenclip besteht aus\u00a0dreiteiliger Clipgarnitur. incl. Zubeh\u00f6r: passendes Etui ein Schlauch acht H\u00fclsen(* ab einer Gesamtmenge von 50 St\u00fcck ist die Lieferung in EG-L\u00e4nder und Schweiz portofrei)<\/p>\n","protected":false},"featured_media":1302,"comment_status":"open","ping_status":"closed","template":"","meta":[],"product_cat":[40],"product_tag":[],"wppr_data":{"cwp_meta_box_check":"No"},"yoast_head":"<!-- This site is optimized with the Yoast SEO plugin v19.9 - https:\/\/yoast.com\/wordpress\/plugins\/seo\/ -->\n<title>Gold 150 gl\u00e4nzend | Sonnenclip Klippi<\/title>\n<meta name=\"robots\" content=\"index, follow, max-snippet:-1, max-image-preview:large, max-video-preview:-1\" \/>\n<link rel=\"canonical\" href=\"https:\/\/sonnenclip.com\/?product=gold-150-glaenzend\" \/>\n<meta property=\"og:locale\" content=\"de_DE\" \/>\n<meta property=\"og:type\" content=\"article\" \/>\n<meta property=\"og:title\" content=\"Gold 150 gl\u00e4nzend | Sonnenclip Klippi\" \/>\n<meta property=\"og:description\" content=\"Sonnenclip besteht aus\u00a0dreiteiliger Clipgarnitur. incl. Zubeh\u00f6r: passendes Etui ein Schlauch acht H\u00fclsen(* ab einer Gesamtmenge von 50 St\u00fcck ist die Lieferung in EG-L\u00e4nder und Schweiz portofrei)\" \/>\n<meta property=\"og:url\" content=\"https:\/\/sonnenclip.com\/?product=gold-150-glaenzend\" \/>\n<meta property=\"og:site_name\" content=\"Sonnenclip Klippi\" \/>\n<meta property=\"article:modified_time\" content=\"2019-04-10T18:16:44+00:00\" \/>\n<meta property=\"og:image\" content=\"https:\/\/sonnenclip.com\/wp-content\/uploads\/2019\/04\/gold150gl.png\" \/>\n\t<meta property=\"og:image:width\" content=\"157\" \/>\n\t<meta property=\"og:image:height\" content=\"52\" \/>\n\t<meta property=\"og:image:type\" content=\"image\/png\" \/>\n<meta name=\"twitter:card\" content=\"summary_large_image\" \/>\n<script type=\"application\/ld+json\" class=\"yoast-schema-graph\">{\"@context\":\"https:\/\/schema.org\",\"@graph\":[{\"@type\":\"WebPage\",\"@id\":\"https:\/\/sonnenclip.com\/?product=gold-150-glaenzend\",\"url\":\"https:\/\/sonnenclip.com\/?product=gold-150-glaenzend\",\"name\":\"Gold 150 gl\u00e4nzend | Sonnenclip Klippi\",\"isPartOf\":{\"@id\":\"https:\/\/sonnenclip.com\/#website\"},\"datePublished\":\"2019-04-09T21:15:24+00:00\",\"dateModified\":\"2019-04-10T18:16:44+00:00\",\"breadcrumb\":{\"@id\":\"https:\/\/sonnenclip.com\/?product=gold-150-glaenzend#breadcrumb\"},\"inLanguage\":\"de-DE\",\"potentialAction\":[{\"@type\":\"ReadAction\",\"target\":[\"https:\/\/sonnenclip.com\/?product=gold-150-glaenzend\"]}]},{\"@type\":\"BreadcrumbList\",\"@id\":\"https:\/\/sonnenclip.com\/?product=gold-150-glaenzend#breadcrumb\",\"itemListElement\":[{\"@type\":\"ListItem\",\"position\":1,\"name\":\"Startseite\",\"item\":\"https:\/\/sonnenclip.com\/\"},{\"@type\":\"ListItem\",\"position\":2,\"name\":\"Online bestellen\",\"item\":\"https:\/\/sonnenclip.com\/?page_id=4\"},{\"@type\":\"ListItem\",\"position\":3,\"name\":\"Gold 150 gl\u00e4nzend\"}]},{\"@type\":\"WebSite\",\"@id\":\"https:\/\/sonnenclip.com\/#website\",\"url\":\"https:\/\/sonnenclip.com\/\",\"name\":\"Sonnenclip Klippi\",\"description\":\"Der Sonnenclip Klippi\u00ae macht es m\u00f6glich 99,9% aller Brille schnell und sicher zu Sonnenbrillen aufzur\u00fcsten\",\"publisher\":{\"@id\":\"https:\/\/sonnenclip.com\/#organization\"},\"potentialAction\":[{\"@type\":\"SearchAction\",\"target\":{\"@type\":\"EntryPoint\",\"urlTemplate\":\"https:\/\/sonnenclip.com\/?s={search_term_string}\"},\"query-input\":\"required name=search_term_string\"}],\"inLanguage\":\"de-DE\"},{\"@type\":\"Organization\",\"@id\":\"https:\/\/sonnenclip.com\/#organization\",\"name\":\"Sonnenclip\",\"url\":\"https:\/\/sonnenclip.com\/\",\"logo\":{\"@type\":\"ImageObject\",\"inLanguage\":\"de-DE\",\"@id\":\"https:\/\/sonnenclip.com\/#\/schema\/logo\/image\/\",\"url\":\"https:\/\/sonnenclip.com\/wp-content\/uploads\/2019\/04\/klippi_logo.jpg\",\"contentUrl\":\"https:\/\/sonnenclip.com\/wp-content\/uploads\/2019\/04\/klippi_logo.jpg\",\"width\":1368,\"height\":302,\"caption\":\"Sonnenclip\"},\"image\":{\"@id\":\"https:\/\/sonnenclip.com\/#\/schema\/logo\/image\/\"}}]}<\/script>\n<!-- \/ Yoast SEO plugin. -->","yoast_head_json":{"title":"Gold 150 gl\u00e4nzend | Sonnenclip Klippi","robots":{"index":"index","follow":"follow","max-snippet":"max-snippet:-1","max-image-preview":"max-image-preview:large","max-video-preview":"max-video-preview:-1"},"canonical":"https:\/\/sonnenclip.com\/?product=gold-150-glaenzend","og_locale":"de_DE","og_type":"article","og_title":"Gold 150 gl\u00e4nzend | Sonnenclip Klippi","og_description":"Sonnenclip besteht aus\u00a0dreiteiliger Clipgarnitur. incl. Zubeh\u00f6r: passendes Etui ein Schlauch acht H\u00fclsen(* ab einer Gesamtmenge von 50 St\u00fcck ist die Lieferung in EG-L\u00e4nder und Schweiz portofrei)","og_url":"https:\/\/sonnenclip.com\/?product=gold-150-glaenzend","og_site_name":"Sonnenclip Klippi","article_modified_time":"2019-04-10T18:16:44+00:00","og_image":[{"width":157,"height":52,"url":"https:\/\/sonnenclip.com\/wp-content\/uploads\/2019\/04\/gold150gl.png","type":"image\/png"}],"twitter_card":"summary_large_image","schema":{"@context":"https:\/\/schema.org","@graph":[{"@type":"WebPage","@id":"https:\/\/sonnenclip.com\/?product=gold-150-glaenzend","url":"https:\/\/sonnenclip.com\/?product=gold-150-glaenzend","name":"Gold 150 gl\u00e4nzend | Sonnenclip Klippi","isPartOf":{"@id":"https:\/\/sonnenclip.com\/#website"},"datePublished":"2019-04-09T21:15:24+00:00","dateModified":"2019-04-10T18:16:44+00:00","breadcrumb":{"@id":"https:\/\/sonnenclip.com\/?product=gold-150-glaenzend#breadcrumb"},"inLanguage":"de-DE","potentialAction":[{"@type":"ReadAction","target":["https:\/\/sonnenclip.com\/?product=gold-150-glaenzend"]}]},{"@type":"BreadcrumbList","@id":"https:\/\/sonnenclip.com\/?product=gold-150-glaenzend#breadcrumb","itemListElement":[{"@type":"ListItem","position":1,"name":"Startseite","item":"https:\/\/sonnenclip.com\/"},{"@type":"ListItem","position":2,"name":"Online bestellen","item":"https:\/\/sonnenclip.com\/?page_id=4"},{"@type":"ListItem","position":3,"name":"Gold 150 gl\u00e4nzend"}]},{"@type":"WebSite","@id":"https:\/\/sonnenclip.com\/#website","url":"https:\/\/sonnenclip.com\/","name":"Sonnenclip Klippi","description":"Der Sonnenclip Klippi\u00ae macht es m\u00f6glich 99,9% aller Brille schnell und sicher zu Sonnenbrillen aufzur\u00fcsten","publisher":{"@id":"https:\/\/sonnenclip.com\/#organization"},"potentialAction":[{"@type":"SearchAction","target":{"@type":"EntryPoint","urlTemplate":"https:\/\/sonnenclip.com\/?s={search_term_string}"},"query-input":"required name=search_term_string"}],"inLanguage":"de-DE"},{"@type":"Organization","@id":"https:\/\/sonnenclip.com\/#organization","name":"Sonnenclip","url":"https:\/\/sonnenclip.com\/","logo":{"@type":"ImageObject","inLanguage":"de-DE","@id":"https:\/\/sonnenclip.com\/#\/schema\/logo\/image\/","url":"https:\/\/sonnenclip.com\/wp-content\/uploads\/2019\/04\/klippi_logo.jpg","contentUrl":"https:\/\/sonnenclip.com\/wp-content\/uploads\/2019\/04\/klippi_logo.jpg","width":1368,"height":302,"caption":"Sonnenclip"},"image":{"@id":"https:\/\/sonnenclip.com\/#\/schema\/logo\/image\/"}}]}},"_links":{"self":[{"href":"https:\/\/sonnenclip.com\/index.php?rest_route=\/wp\/v2\/product\/1276"}],"collection":[{"href":"https:\/\/sonnenclip.com\/index.php?rest_route=\/wp\/v2\/product"}],"about":[{"href":"https:\/\/sonnenclip.com\/index.php?rest_route=\/wp\/v2\/types\/product"}],"replies":[{"embeddable":true,"href":"https:\/\/sonnenclip.com\/index.php?rest_route=%2Fwp%2Fv2%2Fcomments&post=1276"}],"wp:featuredmedia":[{"embeddable":true,"href":"https:\/\/sonnenclip.com\/index.php?rest_route=\/wp\/v2\/media\/1302"}],"wp:attachment":[{"href":"https:\/\/sonnenclip.com\/index.php?rest_route=%2Fwp%2Fv2%2Fmedia&parent=1276"}],"wp:term":[{"taxonomy":"product_cat","embeddable":true,"href":"https:\/\/sonnenclip.com\/index.php?rest_route=%2Fwp%2Fv2%2Fproduct_cat&post=1276"},{"taxonomy":"product_tag","embeddable":true,"href":"https:\/\/sonnenclip.com\/index.php?rest_route=%2Fwp%2Fv2%2Fproduct_tag&post=1276"}],"curies":[{"name":"wp","href":"https:\/\/api.w.org\/{rel}","templated":true}]}}